{"id":1218,"date":"2023-03-17T14:44:22","date_gmt":"2023-03-17T13:44:22","guid":{"rendered":"https:\/\/polski-vpn.pl\/sklep\/?post_type=product&#038;p=1218"},"modified":"2025-11-17T11:03:01","modified_gmt":"2025-11-17T10:03:01","slug":"pakiet-diamond-6-miesiecy","status":"publish","type":"product","link":"https:\/\/polski-vpn.pl\/sklep\/produkt\/pakiet-diamond-6-miesiecy\/","title":{"rendered":"VPN Polska | Polskie VOD za granic\u0105 | Subskrypcja 6 miesi\u0119cy (Pakiet Diamond)"},"content":{"rendered":"\t\t<div data-elementor-type=\"wp-post\" data-elementor-id=\"1218\" class=\"elementor elementor-1218\">\n\t\t\t\t\t\t<section class=\"elementor-section elementor-top-section elementor-element elementor-element-5a269f45 elementor-section-boxed elementor-section-height-default elementor-section-height-default\" data-id=\"5a269f45\" data-element_type=\"section\" data-e-type=\"section\">\n\t\t\t\t\t\t<div class=\"elementor-container elementor-column-gap-default\">\n\t\t\t\t\t<div class=\"elementor-column elementor-col-100 elementor-top-column elementor-element elementor-element-4369f43e\" data-id=\"4369f43e\" data-element_type=\"column\" data-e-type=\"column\">\n\t\t\t<div class=\"elementor-widget-wrap elementor-element-populated\">\n\t\t\t\t\t\t<div class=\"elementor-element elementor-element-2af292bd elementor-widget elementor-widget-text-editor\" data-id=\"2af292bd\" data-element_type=\"widget\" data-e-type=\"widget\" data-widget_type=\"text-editor.default\">\n\t\t\t\t<div class=\"elementor-widget-container\">\n\t\t\t\t\t\t\t\t\t<p><span style=\"caret-color: rgba(0, 0, 0, 0.87); color: rgba(0, 0, 0, 0.87);\">\u2705\u00a0<\/span><b><span style=\"caret-color: rgba(0, 0, 0, 0.87); color: rgba(0, 0, 0, 0.87);\">Mieszkasz za granic\u0105 i nie masz dost\u0119pu do swoich ulubionych platform VOD w Polsce?<\/span><\/b><\/p><p><span style=\"caret-color: rgba(0, 0, 0, 0.87); color: rgba(0, 0, 0, 0.87); font-family: var(--global-body-font-family);\"><b>VPN Polska\u00a0<\/b>pozwala na dost\u0119p do serwis\u00f3w i platform streamingowych VOD w Polsce, na przyk\u0142ad Player czy TVP, umo\u017cliwia korzystanie z bankowo\u015bci online bez problem\u00f3w zwi\u0105zanych z bezpiecze\u0144stwem i lokalizacj\u0105, a tak\u017ce zapewnia dost\u0119p do lokalnych promocji i ofert skierowanych do klient\u00f3w w Polsce.\u00a0<\/span><b style=\"caret-color: rgba(0, 0, 0, 0.87); color: rgba(0, 0, 0, 0.87); font-family: var(--global-body-font-family);\">Zmiana adresu IP na Polski przez VPN<\/b><span style=\"caret-color: rgba(0, 0, 0, 0.87); color: rgba(0, 0, 0, 0.87); font-family: var(--global-body-font-family);\">\u00a0mo\u017ce by\u0107 przydatna dla Polak\u00f3w przebywaj\u0105cych za granic\u0105 z wielu powod\u00f3w &#8211; od dost\u0119pu do lokalnych us\u0142ug bankowych, przez ogl\u0105danie polskiej telewizji, a\u017c po korzystanie z gier online na polskich serwerach.<\/span><\/p><p style=\"caret-color: rgba(0, 0, 0, 0.87); color: rgba(0, 0, 0, 0.87);\">\u2705\u00a0<b>VPN to zielona k\u0142\u00f3dka w ca\u0142ym Internecie (nie tylko w przegl\u0105darce)<\/b><\/p><p style=\"caret-color: rgba(0, 0, 0, 0.87); color: rgba(0, 0, 0, 0.87);\"><span style=\"font-family: var(--global-body-font-family);\">Post\u0119puj\u0105ca cyfryzacja przenosi ca\u0142e nasze \u017cycie do Internetu, a przed ekranami sp\u0119dzamy rekordowo du\u017co czasu &#8211; rozs\u0105dnie jest zadba\u0107 o dodatkowe bezpiecze\u0144stwo.\u00a0<\/span><span style=\"font-family: var(--global-body-font-family);\">Tryb incognito w przegl\u0105darce to du\u017co? A co powiesz na tryb\u00a0<\/span><b style=\"font-family: var(--global-body-font-family);\">turbo-incognito<\/b><span style=\"font-family: var(--global-body-font-family);\">?\u00a0<\/span><span style=\"font-family: var(--global-body-font-family);\">Twoje dane przesy\u0142ane przez sie\u0107 Internet b\u0119d\u0105 jeszcze bardziej bezpieczne. VPN dzia\u0142a jak tunel kt\u00f3ry w czasie rzeczywistym szyfruje wszystko co wysy\u0142asz lub odbierasz z Internetu.\u00a0<\/span><\/p><p style=\"caret-color: rgba(0, 0, 0, 0.87); color: rgba(0, 0, 0, 0.87);\"><b>Jak opisa\u0107 nasz\u0105 us\u0142ug\u0119 w 3 s\u0142owach?<\/b><\/p><ol style=\"caret-color: rgba(0, 0, 0, 0.87); color: rgba(0, 0, 0, 0.87);\"><li><b>Bezpiecze\u0144stwo\u00a0<\/b>&#8211; szyfruje dane przesy\u0142ane przez Internet.<\/li><li><b>Anonimowo\u015b\u0107\u00a0<\/b>&#8211; VPN ukrywa Tw\u00f3j adres IP.<\/li><li><b>Prywatno\u015b\u0107\u00a0<\/b>&#8211; VPN znacz\u0105co utrudnia profilowanie i \u015bledzenie Twojej aktywno\u015bci w sieci.<\/li><\/ol><p style=\"caret-color: rgba(0, 0, 0, 0.87); color: rgba(0, 0, 0, 0.87);\">Blokady regionalne utrudniaj\u0105 Ci dost\u0119p do Polskiego Internetu?<\/p><p style=\"caret-color: rgba(0, 0, 0, 0.87); color: rgba(0, 0, 0, 0.87);\">Wybierz Polski-VPN.pl i uwolnij sw\u00f3j internet ju\u017c dzi\u015b!<\/p><p style=\"caret-color: rgba(0, 0, 0, 0.87); color: rgba(0, 0, 0, 0.87);\"><b>VPN to dost\u0119p do popularnych polskich platform VOD online za granic\u0105<\/b>. Ogl\u0105daj TVN Player, WP Pilot, TVP VOD, bez blokad, tak jakby\u015b by\u0142 w Polsce. Tw\u00f3j prawdziwy adres IP jest zast\u0119powany adresem IP serwera VPN. Dzi\u0119ki temu Twoje dzia\u0142ania w sieci s\u0105 anonimizowane.\u00a0<\/p><p style=\"caret-color: rgba(0, 0, 0, 0.87); color: rgba(0, 0, 0, 0.87);\"><span style=\"font-family: var(--global-body-font-family);\">Masz pytania?\u00a0<\/span><span style=\"font-family: var(--global-body-font-family); color: #414141;\">\ud83d\udc4d\u00a0<\/span><span style=\"font-family: var(--global-body-font-family);\">Skontaktuj si\u0119 z nami na WhatsApp (24\/7): +48 572 817 390 lub mailowo: polskivpn.kontakt@gmail.com\u00a0<\/span><\/p>\t\t\t\t\t\t\t\t<\/div>\n\t\t\t\t<\/div>\n\t\t\t\t\t<\/div>\n\t\t<\/div>\n\t\t\t\t\t<\/div>\n\t\t<\/section>\n\t\t\t\t<\/div>\n\t\t","protected":false},"excerpt":{"rendered":"<p><b>VPN Polska <\/b>pozwala na dost\u0119p do polskich serwis\u00f3w VOD, umo\u017cliwia korzystanie z polskich us\u0142ug online bez problem\u00f3w zwi\u0105zanych z bezpiecze\u0144stwem i lokalizacj\u0105, a tak\u017ce zapewnia dost\u0119p do lokalnych promocji i ofert skierowanych do klient\u00f3w w Polsce. Ogl\u0105daj TVN Player, WP Pilot, TVP VOD i inne popularne media bez blokad, tak jakby\u015b by\u0142 w Polsce.<\/p>\n<h2>Sprawd\u017a co zyskujesz<br \/>\nwybieraj\u0105c Polski-VPN.pl<\/h2>\n<div class=\"d-flex\">\n<ul>\n<li class=\"ms-2\">\u2705 <strong>Odblokuj Polskie VOD<\/strong><\/li>\n<li class=\"ms-2\">\u2705 <strong>Zmie\u0144 IP na Polskie<\/strong><\/li>\n<li class=\"ms-2\">\u2705 <strong>Zaszyfruj Twoje po\u0142\u0105czenie z Internetem<\/strong><\/li>\n<li class=\"ms-2\">\u2705 <strong>Dost\u0119p do lokalnych promocji i cen w Polsce<\/strong><\/li>\n<li class=\"ms-2\">\u2705 <strong>Tw\u00f3j prawdziwy adres IP zostanie ukryty<\/strong><\/li>\n<\/ul>\n<\/div>\n<p>Nielimitowany transfer<br \/>\nSzyfrowanie po\u0142\u0105czenia<br \/>\n6 urz\u0105dze\u0144 jednocze\u015bnie<br \/>\nSerwery VPN: Polska, Szwajcaria, Kanada, Niemcy, USA, Japonia, Hiszpania, Wielka Brytania, Francja<br \/>\nProtok\u00f3\u0142 L2TP\/OpenVPN<br \/>\nWa\u017cno\u015b\u0107 konta: 6 miesi\u0119cy<\/p>\n","protected":false},"featured_media":1210,"template":"","meta":{"site-sidebar-layout":"default","site-content-layout":"","ast-site-content-layout":"","site-content-style":"default","site-sidebar-style":"default","ast-global-header-display":"","ast-banner-title-visibility":"","ast-main-header-display":"","ast-hfb-above-header-display":"","ast-hfb-below-header-display":"","ast-hfb-mobile-header-display":"","site-post-title":"","ast-breadcrumbs-content":"","ast-featured-img":"","footer-sml-layout":"","theme-transparent-header-meta":"","adv-header-id-meta":"","stick-header-meta":"","header-above-stick-meta":"","header-main-stick-meta":"","header-below-stick-meta":"","astra-migrate-meta-layouts":"default","ast-page-background-enabled":"default","ast-page-background-meta":{"desktop":{"background-color":"var(--ast-global-color-5)","background-image":"","background-repeat":"repeat","background-position":"center center","background-size":"auto","background-attachment":"scroll","background-type":"","background-media":"","overlay-type":"","overlay-color":"","overlay-opacity":"","overlay-gradient":""},"tablet":{"background-color":"","background-image":"","background-repeat":"repeat","background-position":"center center","background-size":"auto","background-attachment":"scroll","background-type":"","background-media":"","overlay-type":"","overlay-color":"","overlay-opacity":"","overlay-gradient":""},"mobile":{"background-color":"","background-image":"","background-repeat":"repeat","background-position":"center center","background-size":"auto","background-attachment":"scroll","background-type":"","background-media":"","overlay-type":"","overlay-color":"","overlay-opacity":"","overlay-gradient":""}},"ast-content-background-meta":{"desktop":{"background-color":"var(--ast-global-color-4)","background-image":"","background-repeat":"repeat","background-position":"center center","background-size":"auto","background-attachment":"scroll","background-type":"","background-media":"","overlay-type":"","overlay-color":"","overlay-opacity":"","overlay-gradient":""},"tablet":{"background-color":"var(--ast-global-color-4)","background-image":"","background-repeat":"repeat","background-position":"center center","background-size":"auto","background-attachment":"scroll","background-type":"","background-media":"","overlay-type":"","overlay-color":"","overlay-opacity":"","overlay-gradient":""},"mobile":{"background-color":"var(--ast-global-color-4)","background-image":"","background-repeat":"repeat","background-position":"center center","background-size":"auto","background-attachment":"scroll","background-type":"","background-media":"","overlay-type":"","overlay-color":"","overlay-opacity":"","overlay-gradient":""}}},"product_brand":[],"product_cat":[25],"product_tag":[],"class_list":{"0":"post-1218","1":"product","2":"type-product","3":"status-publish","4":"has-post-thumbnail","6":"product_cat-vpn","7":"desktop-align-left","8":"tablet-align-left","9":"mobile-align-left","11":"first","12":"instock","13":"featured","14":"virtual","15":"purchasable","16":"product-type-simple"},"jetpack_sharing_enabled":true,"_links":{"self":[{"href":"https:\/\/polski-vpn.pl\/sklep\/wp-json\/wp\/v2\/product\/1218","targetHints":{"allow":["GET"]}}],"collection":[{"href":"https:\/\/polski-vpn.pl\/sklep\/wp-json\/wp\/v2\/product"}],"about":[{"href":"https:\/\/polski-vpn.pl\/sklep\/wp-json\/wp\/v2\/types\/product"}],"version-history":[{"count":2,"href":"https:\/\/polski-vpn.pl\/sklep\/wp-json\/wp\/v2\/product\/1218\/revisions"}],"predecessor-version":[{"id":5154,"href":"https:\/\/polski-vpn.pl\/sklep\/wp-json\/wp\/v2\/product\/1218\/revisions\/5154"}],"wp:featuredmedia":[{"embeddable":true,"href":"https:\/\/polski-vpn.pl\/sklep\/wp-json\/wp\/v2\/media\/1210"}],"wp:attachment":[{"href":"https:\/\/polski-vpn.pl\/sklep\/wp-json\/wp\/v2\/media?parent=1218"}],"wp:term":[{"taxonomy":"product_brand","embeddable":true,"href":"https:\/\/polski-vpn.pl\/sklep\/wp-json\/wp\/v2\/product_brand?post=1218"},{"taxonomy":"product_cat","embeddable":true,"href":"https:\/\/polski-vpn.pl\/sklep\/wp-json\/wp\/v2\/product_cat?post=1218"},{"taxonomy":"product_tag","embeddable":true,"href":"https:\/\/polski-vpn.pl\/sklep\/wp-json\/wp\/v2\/product_tag?post=1218"}],"curies":[{"name":"wp","href":"https:\/\/api.w.org\/{rel}","templated":true}]}}